{"id":2022,"date":"2024-01-09T13:35:47","date_gmt":"2024-01-09T13:35:47","guid":{"rendered":"https:\/\/emob.no\/batturar\/"},"modified":"2024-01-25T13:20:01","modified_gmt":"2024-01-25T13:20:01","slug":"boat-trips","status":"publish","type":"page","link":"https:\/\/emob.no\/en\/boat-trips\/","title":{"rendered":"Boat trips in the Geirangerfjord"},"content":{"rendered":"[mk_page_section full_width=&#8221;true&#8221; padding_top=&#8221;0&#8243; padding_bottom=&#8221;0&#8243; sidebar=&#8221;sidebar-1&#8243;][vc_column][mk_revslider id=&#8221;batturar&#8221;][\/vc_column][\/mk_page_section][mk_page_section bg_color=&#8221;#f6f6f6&#8243; padding_top=&#8221;35&#8243; padding_bottom=&#8221;25&#8243; sidebar=&#8221;sidebar-1&#8243;][vc_column][vc_row_inner][vc_column_inner][mk_fancy_title size=&#8221;26&#8243; margin_bottom=&#8221;0&#8243; font_family=&#8221;none&#8221; align=&#8221;center&#8221;]Boat trips in the Geirangerfjord[\/mk_fancy_title][vc_column_text align=&#8221;center&#8221; css=&#8221;.vc_custom_1705313903575{margin-bottom: 0px !important;}&#8221;]Experience the World Heritage site from the sea! Get close to nature, the fjord farms in the hills and the beautiful waterfalls on this exclusive boat trip along the Geirangerfjord.[\/vc_column_text][\/vc_column_inner][\/vc_row_inner][\/vc_column][\/mk_page_section][mk_page_section padding_top=&#8221;50&#8243; padding_bottom=&#8221;0&#8243; el_class=&#8221;hide-small-screens&#8221; sidebar=&#8221;sidebar-1&#8243;][vc_column][vc_raw_html el_class=&#8221;hide-small-screens&#8221;]JTNDYmlsYmVycnktcHJvZHVjdC1saXN0JTIwcHJvZHVjdC1jYXRhbG9nLWlkcyUzRCUyMjE3JTJDMTglMkMxOSUyMiUyMHNjcm9sbCUzRCUyMm5vJTIyJTIwbnVtLXhzJTNEJTIyMSUyMiUyMG51bS1zbSUzRCUyMjElMjIlMjBudW0tbWQlM0QlMjIzJTIyJTIwbnVtLWxnJTNEJTIyMyUyMiUzRSUyMCUzQyUyRmJpbGJlcnJ5LXByb2R1Y3QtbGlzdCUzRQ==[\/vc_raw_html][\/vc_column][\/mk_page_section][mk_page_section padding_top=&#8221;0&#8243; padding_bottom=&#8221;30&#8243; el_class=&#8221;hide-large-screens&#8221; sidebar=&#8221;sidebar-1&#8243;][vc_column][vc_raw_html]JTNDYmlsYmVycnktcHJvZHVjdC1mZWF0dXJlZCUyMHByb2R1Y3QtY2F0YWxvZy1pZCUzRCUyMjE3JTIyJTNFJTNDJTJGYmlsYmVycnktcHJvZHVjdC1mZWF0dXJlZCUzRQ==[\/vc_raw_html][vc_empty_space height=&#8221;24px&#8221;][vc_raw_html]JTNDYmlsYmVycnktcHJvZHVjdC1mZWF0dXJlZCUyMHByb2R1Y3QtY2F0YWxvZy1pZCUzRCUyMjE4JTIyJTNFJTNDJTJGYmlsYmVycnktcHJvZHVjdC1mZWF0dXJlZCUzRSUwQQ==[\/vc_raw_html][vc_empty_space height=&#8221;24px&#8221;][vc_raw_html]JTNDYmlsYmVycnktcHJvZHVjdC1mZWF0dXJlZCUyMHByb2R1Y3QtY2F0YWxvZy1pZCUzRCUyMjE5JTIyJTNFJTNDJTJGYmlsYmVycnktcHJvZHVjdC1mZWF0dXJlZCUzRQ==[\/vc_raw_html][vc_empty_space height=&#8221;16px&#8221;][\/vc_column][\/mk_page_section][mk_page_section][vc_column][mk_fancy_title size=&#8221;26&#8243; margin_bottom=&#8221;0&#8243; font_family=&#8221;none&#8221; align=&#8221;center&#8221;]Private trips that can be booked on request[\/mk_fancy_title][\/vc_column][\/mk_page_section][mk_page_section][vc_column][vc_row_inner][vc_column_inner width=&#8221;1\/5&#8243;][mk_fancy_title tag_name=&#8221;h3&#8243; color=&#8221;#444444&#8243; size=&#8221;20&#8243; force_font_size=&#8221;true&#8221; size_smallscreen=&#8221;18&#8243; size_tablet=&#8221;18&#8243; size_phone=&#8221;28&#8243; margin_bottom=&#8221;0&#8243; font_family=&#8221;Arial, Helvetica, sans-serif&#8221; font_type=&#8221;safefont&#8221; align=&#8221;center&#8221;]<strong>Best of<\/strong><br \/>\n<strong>Geiranger<\/strong>[\/mk_fancy_title][mk_image src=&#8221;https:\/\/emob.no\/wp-content\/uploads\/2024\/01\/best-of-geiranger.jpg&#8221; image_size=&#8221;full&#8221; frame_style=&#8221;rounded&#8221; link=&#8221;https:\/\/emob.no\/en\/best-of-geiranger\/&#8221;][vc_column_text align=&#8221;center&#8221; margin_bottom=&#8221;30&#8243; css=&#8221;.vc_custom_1705313998695{margin-bottom: 0px !important;}&#8221;]Experience the best of Geiranger by land and water![\/vc_column_text][\/vc_column_inner][vc_column_inner width=&#8221;1\/5&#8243;][mk_fancy_title tag_name=&#8221;h3&#8243; color=&#8221;#444444&#8243; size=&#8221;18&#8243; force_font_size=&#8221;true&#8221; size_smallscreen=&#8221;18&#8243; size_tablet=&#8221;18&#8243; size_phone=&#8221;28&#8243; margin_bottom=&#8221;0&#8243; font_family=&#8221;Arial, Helvetica, sans-serif&#8221; font_type=&#8221;safefont&#8221; align=&#8221;center&#8221;]<strong>Romantic <\/strong><br \/>\n<strong>fjord cruise<\/strong>[\/mk_fancy_title][mk_image src=&#8221;https:\/\/emob.no\/wp-content\/uploads\/2024\/01\/romantisk-fjordcruise.jpg&#8221; image_size=&#8221;full&#8221; frame_style=&#8221;rounded&#8221; link=&#8221;https:\/\/emob.no\/en\/romantic-fjord-cruise\/&#8221;][vc_column_text align=&#8221;center&#8221; margin_bottom=&#8221;30&#8243; css=&#8221;.vc_custom_1705314131435{margin-bottom: 0px !important;}&#8221;]For those extraordinary occasions.[\/vc_column_text][\/vc_column_inner][vc_column_inner width=&#8221;1\/5&#8243;][mk_fancy_title tag_name=&#8221;h3&#8243; size=&#8221;18&#8243; force_font_size=&#8221;true&#8221; size_smallscreen=&#8221;18&#8243; size_tablet=&#8221;18&#8243; size_phone=&#8221;28&#8243; margin_bottom=&#8221;0&#8243; font_family=&#8221;Arial, Helvetica, sans-serif&#8221; font_type=&#8221;safefont&#8221; align=&#8221;center&#8221;]<strong>Winter cruise in the <\/strong><br \/>\n<strong>World Heritage area<\/strong>[\/mk_fancy_title][mk_image src=&#8221;https:\/\/emob.no\/wp-content\/uploads\/2024\/01\/vintercruise.jpg&#8221; image_size=&#8221;full&#8221; frame_style=&#8221;rounded&#8221; link=&#8221;https:\/\/emob.no\/en\/winter-cruise-world-heritage\/&#8221;][vc_column_text align=&#8221;center&#8221; margin_bottom=&#8221;30&#8243; css=&#8221;.vc_custom_1705314154902{margin-bottom: 0px !important;}&#8221;]A fascinating experience during Norway&#8217;s special dark winter period[\/vc_column_text][\/vc_column_inner][vc_column_inner width=&#8221;1\/5&#8243;][mk_fancy_title tag_name=&#8221;h3&#8243; color=&#8221;#444444&#8243; size=&#8221;18&#8243; force_font_size=&#8221;true&#8221; size_smallscreen=&#8221;18&#8243; size_tablet=&#8221;18&#8243; size_phone=&#8221;28&#8243; margin_bottom=&#8221;0&#8243; font_family=&#8221;Arial, Helvetica, sans-serif&#8221; font_type=&#8221;safefont&#8221; align=&#8221;center&#8221;]<strong>An 8 hour long <\/strong><br \/>\n<strong>fjord adventure<\/strong>[\/mk_fancy_title][mk_image src=&#8221;https:\/\/emob.no\/wp-content\/uploads\/2024\/01\/fjordeventyr.jpg&#8221; image_size=&#8221;full&#8221; frame_style=&#8221;rounded&#8221; link=&#8221;https:\/\/emob.no\/en\/8-hour-fjord-adventure\/&#8221;][vc_column_text align=&#8221;center&#8221; margin_bottom=&#8221;30&#8243; css=&#8221;.vc_custom_1705314109170{margin-bottom: 0px !important;}&#8221;]More than a Kinder Surprise Egg![\/vc_column_text][\/vc_column_inner][vc_column_inner width=&#8221;1\/5&#8243;][mk_fancy_title tag_name=&#8221;h3&#8243; color=&#8221;#444444&#8243; size=&#8221;18&#8243; force_font_size=&#8221;true&#8221; size_smallscreen=&#8221;18&#8243; size_tablet=&#8221;18&#8243; size_phone=&#8221;28&#8243; margin_bottom=&#8221;0&#8243; font_family=&#8221;Arial, Helvetica, sans-serif&#8221; font_type=&#8221;safefont&#8221; align=&#8221;center&#8221;]<strong>Transport\/charter <\/strong><br \/>\n<strong>assignments<\/strong>[\/mk_fancy_title][mk_image src=&#8221;https:\/\/emob.no\/wp-content\/uploads\/2024\/01\/transportoppdrag.jpg&#8221; image_size=&#8221;full&#8221; frame_style=&#8221;rounded&#8221; link=&#8221;https:\/\/emob.no\/en\/transport-charter-assignments\/&#8221;][vc_column_text align=&#8221;center&#8221; margin_bottom=&#8221;30&#8243; css=&#8221;.vc_custom_1705314195190{margin-bottom: 0px !important;}&#8221;]For shorter or longer distances[\/vc_column_text][\/vc_column_inner][\/vc_row_inner][\/vc_column][\/mk_page_section]\n","protected":false},"excerpt":{"rendered":"<p>[mk_page_section full_width=&#8221;true&#8221; padding_top=&#8221;0&#8243; padding_bottom=&#8221;0&#8243; sidebar=&#8221;sidebar-1&#8243;][vc_column][mk_revslider id=&#8221;batturar&#8221;][\/vc_column][\/mk_page_section][mk_page_section bg_color=&#8221;#f6f6f6&#8243; padding_top=&#8221;35&#8243; padding_bottom=&#8221;25&#8243; sidebar=&#8221;sidebar-1&#8243;][vc_column][vc_row_inner][vc_column_inner][mk_fancy_title size=&#8221;26&#8243; margin_bottom=&#8221;0&#8243; font_family=&#8221;none&#8221; align=&#8221;center&#8221;]Boat trips in the Geirangerfjord[\/mk_fancy_title][vc_column_text align=&#8221;center&#8221; css=&#8221;.vc_custom_1705313903575{margin-bottom: 0px !important;}&#8221;]Experience the World Heritage site from the sea! Get close to nature, the fjord farms in the hills and the beautiful waterfalls on this exclusive boat trip along the Geirangerfjord.[\/vc_column_text][\/vc_column_inner][\/vc_row_inner][\/vc_column][\/mk_page_section][mk_page_section padding_top=&#8221;50&#8243; padding_bottom=&#8221;0&#8243; el_class=&#8221;hide-small-screens&#8221; sidebar=&#8221;sidebar-1&#8243;][vc_column][vc_raw_html [&hellip;]<\/p>\n","protected":false},"author":1,"featured_media":2076,"parent":0,"menu_order":0,"comment_status":"closed","ping_status":"closed","template":"","meta":[],"yoast_head":"<!-- This site is optimized with the Yoast SEO plugin v18.1 - https:\/\/yoast.com\/wordpress\/plugins\/seo\/ -->\n<title>Boat trips in the Geirangerfjord - eMobility Geiranger<\/title>\n<meta name=\"description\" content=\"Alle gode ting er tre! Her f\u00e5r du det beste Geiranger har \u00e5 tilby, med ei unik oppleving av Geiranger b\u00e5de til lands og til vanns \u2013 og matservering attp\u00e5.\" \/>\n<meta name=\"robots\" content=\"index, follow, max-snippet:-1, max-image-preview:large, max-video-preview:-1\" \/>\n<link rel=\"canonical\" href=\"https:\/\/emob.no\/en\/boat-trips\/\" \/>\n<meta property=\"og:locale\" content=\"en_US\" \/>\n<meta property=\"og:type\" content=\"article\" \/>\n<meta property=\"og:title\" content=\"Boat trips in the Geirangerfjord - eMobility Geiranger\" \/>\n<meta property=\"og:description\" content=\"Alle gode ting er tre! Her f\u00e5r du det beste Geiranger har \u00e5 tilby, med ei unik oppleving av Geiranger b\u00e5de til lands og til vanns \u2013 og matservering attp\u00e5.\" \/>\n<meta property=\"og:url\" content=\"https:\/\/emob.no\/en\/boat-trips\/\" \/>\n<meta property=\"og:site_name\" content=\"eMobility Geiranger\" \/>\n<meta property=\"article:publisher\" content=\"https:\/\/www.facebook.com\/emobilitygeiranger\" \/>\n<meta property=\"article:modified_time\" content=\"2024-01-25T13:20:01+00:00\" \/>\n<meta property=\"og:image\" content=\"https:\/\/emob.no\/wp-content\/uploads\/2024\/01\/baatturer-header.jpg\" \/>\n\t<meta property=\"og:image:width\" content=\"1200\" \/>\n\t<meta property=\"og:image:height\" content=\"720\" \/>\n\t<meta property=\"og:image:type\" content=\"image\/jpeg\" \/>\n<meta name=\"twitter:card\" content=\"summary\" \/>\n<meta name=\"twitter:label1\" content=\"Est. reading time\" \/>\n\t<meta name=\"twitter:data1\" content=\"2 minutes\" \/>\n<script type=\"application\/ld+json\" class=\"yoast-schema-graph\">{\"@context\":\"https:\/\/schema.org\",\"@graph\":[{\"@type\":\"WebSite\",\"@id\":\"https:\/\/emob.no\/#website\",\"url\":\"https:\/\/emob.no\/\",\"name\":\"eMobility Geiranger\",\"description\":\"Sporlaus ferdsel med eit smil!\",\"potentialAction\":[{\"@type\":\"SearchAction\",\"target\":{\"@type\":\"EntryPoint\",\"urlTemplate\":\"https:\/\/emob.no\/?s={search_term_string}\"},\"query-input\":\"required name=search_term_string\"}],\"inLanguage\":\"en-US\"},{\"@type\":\"ImageObject\",\"@id\":\"https:\/\/emob.no\/en\/boat-trips\/#primaryimage\",\"inLanguage\":\"en-US\",\"url\":\"https:\/\/emob.no\/wp-content\/uploads\/2024\/01\/baatturer-header.jpg\",\"contentUrl\":\"https:\/\/emob.no\/wp-content\/uploads\/2024\/01\/baatturer-header.jpg\",\"width\":1200,\"height\":720},{\"@type\":\"WebPage\",\"@id\":\"https:\/\/emob.no\/en\/boat-trips\/#webpage\",\"url\":\"https:\/\/emob.no\/en\/boat-trips\/\",\"name\":\"Boat trips in the Geirangerfjord - eMobility Geiranger\",\"isPartOf\":{\"@id\":\"https:\/\/emob.no\/#website\"},\"primaryImageOfPage\":{\"@id\":\"https:\/\/emob.no\/en\/boat-trips\/#primaryimage\"},\"datePublished\":\"2024-01-09T13:35:47+00:00\",\"dateModified\":\"2024-01-25T13:20:01+00:00\",\"description\":\"Alle gode ting er tre! Her f\u00e5r du det beste Geiranger har \u00e5 tilby, med ei unik oppleving av Geiranger b\u00e5de til lands og til vanns \u2013 og matservering attp\u00e5.\",\"breadcrumb\":{\"@id\":\"https:\/\/emob.no\/en\/boat-trips\/#breadcrumb\"},\"inLanguage\":\"en-US\",\"potentialAction\":[{\"@type\":\"ReadAction\",\"target\":[\"https:\/\/emob.no\/en\/boat-trips\/\"]}]},{\"@type\":\"BreadcrumbList\",\"@id\":\"https:\/\/emob.no\/en\/boat-trips\/#breadcrumb\",\"itemListElement\":[{\"@type\":\"ListItem\",\"position\":1,\"name\":\"Home\",\"item\":\"https:\/\/emob.no\/en\/\"},{\"@type\":\"ListItem\",\"position\":2,\"name\":\"Boat trips in the Geirangerfjord\"}]}]}<\/script>\n<!-- \/ Yoast SEO plugin. -->","yoast_head_json":{"title":"Boat trips in the Geirangerfjord - eMobility Geiranger","description":"Alle gode ting er tre! Her f\u00e5r du det beste Geiranger har \u00e5 tilby, med ei unik oppleving av Geiranger b\u00e5de til lands og til vanns \u2013 og matservering attp\u00e5.","robots":{"index":"index","follow":"follow","max-snippet":"max-snippet:-1","max-image-preview":"max-image-preview:large","max-video-preview":"max-video-preview:-1"},"canonical":"https:\/\/emob.no\/en\/boat-trips\/","og_locale":"en_US","og_type":"article","og_title":"Boat trips in the Geirangerfjord - eMobility Geiranger","og_description":"Alle gode ting er tre! Her f\u00e5r du det beste Geiranger har \u00e5 tilby, med ei unik oppleving av Geiranger b\u00e5de til lands og til vanns \u2013 og matservering attp\u00e5.","og_url":"https:\/\/emob.no\/en\/boat-trips\/","og_site_name":"eMobility Geiranger","article_publisher":"https:\/\/www.facebook.com\/emobilitygeiranger","article_modified_time":"2024-01-25T13:20:01+00:00","og_image":[{"width":1200,"height":720,"url":"https:\/\/emob.no\/wp-content\/uploads\/2024\/01\/baatturer-header.jpg","type":"image\/jpeg"}],"twitter_card":"summary","twitter_misc":{"Est. reading time":"2 minutes"},"schema":{"@context":"https:\/\/schema.org","@graph":[{"@type":"WebSite","@id":"https:\/\/emob.no\/#website","url":"https:\/\/emob.no\/","name":"eMobility Geiranger","description":"Sporlaus ferdsel med eit smil!","potentialAction":[{"@type":"SearchAction","target":{"@type":"EntryPoint","urlTemplate":"https:\/\/emob.no\/?s={search_term_string}"},"query-input":"required name=search_term_string"}],"inLanguage":"en-US"},{"@type":"ImageObject","@id":"https:\/\/emob.no\/en\/boat-trips\/#primaryimage","inLanguage":"en-US","url":"https:\/\/emob.no\/wp-content\/uploads\/2024\/01\/baatturer-header.jpg","contentUrl":"https:\/\/emob.no\/wp-content\/uploads\/2024\/01\/baatturer-header.jpg","width":1200,"height":720},{"@type":"WebPage","@id":"https:\/\/emob.no\/en\/boat-trips\/#webpage","url":"https:\/\/emob.no\/en\/boat-trips\/","name":"Boat trips in the Geirangerfjord - eMobility Geiranger","isPartOf":{"@id":"https:\/\/emob.no\/#website"},"primaryImageOfPage":{"@id":"https:\/\/emob.no\/en\/boat-trips\/#primaryimage"},"datePublished":"2024-01-09T13:35:47+00:00","dateModified":"2024-01-25T13:20:01+00:00","description":"Alle gode ting er tre! Her f\u00e5r du det beste Geiranger har \u00e5 tilby, med ei unik oppleving av Geiranger b\u00e5de til lands og til vanns \u2013 og matservering attp\u00e5.","breadcrumb":{"@id":"https:\/\/emob.no\/en\/boat-trips\/#breadcrumb"},"inLanguage":"en-US","potentialAction":[{"@type":"ReadAction","target":["https:\/\/emob.no\/en\/boat-trips\/"]}]},{"@type":"BreadcrumbList","@id":"https:\/\/emob.no\/en\/boat-trips\/#breadcrumb","itemListElement":[{"@type":"ListItem","position":1,"name":"Home","item":"https:\/\/emob.no\/en\/"},{"@type":"ListItem","position":2,"name":"Boat trips in the Geirangerfjord"}]}]}},"_links":{"self":[{"href":"https:\/\/emob.no\/en\/wp-json\/wp\/v2\/pages\/2022"}],"collection":[{"href":"https:\/\/emob.no\/en\/wp-json\/wp\/v2\/pages"}],"about":[{"href":"https:\/\/emob.no\/en\/wp-json\/wp\/v2\/types\/page"}],"author":[{"embeddable":true,"href":"https:\/\/emob.no\/en\/wp-json\/wp\/v2\/users\/1"}],"replies":[{"embeddable":true,"href":"https:\/\/emob.no\/en\/wp-json\/wp\/v2\/comments?post=2022"}],"version-history":[{"count":9,"href":"https:\/\/emob.no\/en\/wp-json\/wp\/v2\/pages\/2022\/revisions"}],"predecessor-version":[{"id":2077,"href":"https:\/\/emob.no\/en\/wp-json\/wp\/v2\/pages\/2022\/revisions\/2077"}],"wp:featuredmedia":[{"embeddable":true,"href":"https:\/\/emob.no\/en\/wp-json\/wp\/v2\/media\/2076"}],"wp:attachment":[{"href":"https:\/\/emob.no\/en\/wp-json\/wp\/v2\/media?parent=2022"}],"curies":[{"name":"wp","href":"https:\/\/api.w.org\/{rel}","templated":true}]}}